{"id":34,"date":"2020-05-06T07:34:38","date_gmt":"2020-05-06T07:34:38","guid":{"rendered":"http:\/\/i-tuepfelchen-mm.de\/?page_id=34"},"modified":"2025-04-25T08:58:13","modified_gmt":"2025-04-25T08:58:13","slug":"kontakt","status":"publish","type":"page","link":"http:\/\/i-tuepfelchen-mm.de\/?page_id=34","title":{"rendered":"Kontakt"},"content":{"rendered":"<div class=\"wp-block-image\">\n<figure class=\"alignleft size-large is-resized\"><img decoding=\"async\" loading=\"lazy\" src=\"http:\/\/i-tuepfelchen-mm.de\/wp-content\/uploads\/2020\/05\/facebook_1588750187876_66637012680117374905697-1024x1024.jpg\" alt=\"\" class=\"wp-image-35\" width=\"217\" height=\"217\" srcset=\"http:\/\/i-tuepfelchen-mm.de\/wp-content\/uploads\/2020\/05\/facebook_1588750187876_66637012680117374905697-1024x1024.jpg 1024w, http:\/\/i-tuepfelchen-mm.de\/wp-content\/uploads\/2020\/05\/facebook_1588750187876_66637012680117374905697-300x300.jpg 300w, http:\/\/i-tuepfelchen-mm.de\/wp-content\/uploads\/2020\/05\/facebook_1588750187876_66637012680117374905697-150x150.jpg 150w, http:\/\/i-tuepfelchen-mm.de\/wp-content\/uploads\/2020\/05\/facebook_1588750187876_66637012680117374905697-768x768.jpg 768w, http:\/\/i-tuepfelchen-mm.de\/wp-content\/uploads\/2020\/05\/facebook_1588750187876_66637012680117374905697-100x100.jpg 100w, http:\/\/i-tuepfelchen-mm.de\/wp-content\/uploads\/2020\/05\/facebook_1588750187876_66637012680117374905697.jpg 1080w\" sizes=\"(max-width: 217px) 100vw, 217px\" \/><\/figure><\/div>\n\n\n<p><strong>i-T\u00fcpfelchen Deko &amp; Kunsthandwerk<\/strong><br>Melli Doll<br><br>Trunkelsberger Stra\u00dfe 6 <br>87700 Memmingen Eisenburg<br>E-Mail: melli.doll@web.de <br>www.i-tuepfelchen-mm.de<br>Wir sind telefonisch erreichbar unter <strong>08331 496413.<\/strong><\/p>\n\n\n\n<p>Ihr findet uns im wundersch\u00f6nen Eisenburg, einem Stadtteil von Memmingen. Freitags sind wir immer von 14.00 &#8211; 18.00 Uhr f\u00fcr euch da ! Es l\u00e4dt euch dann Inhaberin Melli zu selbstgebackenem Kuchen, Kaffee und einem Ratsch \u00fcber ihr Lieblingsthema &#8222;Deko aller Art&#8220; ein. <\/p>\n","protected":false},"excerpt":{"rendered":"<p>i-T\u00fcpfelchen Deko &amp; KunsthandwerkMelli Doll Trunkelsberger Stra\u00dfe 6 87700 Memmingen EisenburgE-Mail: melli.doll@web.de www.i-tuepfelchen-mm.deWir sind telefonisch erreichbar unter 08331 496413. Ihr findet uns im wundersch\u00f6nen Eisenburg, einem Stadtteil von Memmingen. Freitags sind wir immer von 14.00 &#8211; 18.00 Uhr f\u00fcr euch da ! Es l\u00e4dt euch dann Inhaberin Melli zu selbstgebackenem Kuchen, Kaffee und einem Ratsch &hellip; <\/p>\n<p class=\"link-more\"><a href=\"http:\/\/i-tuepfelchen-mm.de\/?page_id=34\" class=\"more-link\"><span class=\"screen-reader-text\">\u201eKontakt\u201c<\/span> weiterlesen<\/a><\/p>\n","protected":false},"author":1,"featured_media":0,"parent":0,"menu_order":0,"comment_status":"closed","ping_status":"closed","template":"","meta":[],"_links":{"self":[{"href":"http:\/\/i-tuepfelchen-mm.de\/index.php?rest_route=\/wp\/v2\/pages\/34"}],"collection":[{"href":"http:\/\/i-tuepfelchen-mm.de\/index.php?rest_route=\/wp\/v2\/pages"}],"about":[{"href":"http:\/\/i-tuepfelchen-mm.de\/index.php?rest_route=\/wp\/v2\/types\/page"}],"author":[{"embeddable":true,"href":"http:\/\/i-tuepfelchen-mm.de\/index.php?rest_route=\/wp\/v2\/users\/1"}],"replies":[{"embeddable":true,"href":"http:\/\/i-tuepfelchen-mm.de\/index.php?rest_route=%2Fwp%2Fv2%2Fcomments&post=34"}],"version-history":[{"count":4,"href":"http:\/\/i-tuepfelchen-mm.de\/index.php?rest_route=\/wp\/v2\/pages\/34\/revisions"}],"predecessor-version":[{"id":647,"href":"http:\/\/i-tuepfelchen-mm.de\/index.php?rest_route=\/wp\/v2\/pages\/34\/revisions\/647"}],"wp:attachment":[{"href":"http:\/\/i-tuepfelchen-mm.de\/index.php?rest_route=%2Fwp%2Fv2%2Fmedia&parent=34"}],"curies":[{"name":"wp","href":"https:\/\/api.w.org\/{rel}","templated":true}]}}